{"id":201,"date":"2016-09-22T09:25:16","date_gmt":"2016-09-22T09:25:16","guid":{"rendered":"http:\/\/dinkirke.no\/wordpress\/?page_id=201"},"modified":"2020-09-21T09:38:46","modified_gmt":"2020-09-21T09:38:46","slug":"ressurser","status":"publish","type":"page","link":"http:\/\/dinkirke.no\/wordpress\/index.php\/ressurser\/","title":{"rendered":"Ressurser"},"content":{"rendered":"<p><strong>Disippelgrupper<\/strong><\/p>\n<ul>\n<li><a href=\"http:\/\/dinkirke.no\/wordpress\/wp-content\/uploads\/2020\/08\/disippelgruppe.pdf\">Forenklet oppsett for disippelgruppe<\/a><\/li>\n<li><a href=\"http:\/\/dinkirke.no\/wordpress\/wp-content\/uploads\/2020\/09\/Disippelgrupper-uke-39-41.pdf\">Uke 39-41 &#8211; Relasjonene<\/a><\/li>\n<li><a href=\"http:\/\/dinkirke.no\/wordpress\/wp-content\/uploads\/2020\/09\/Disippelgruppetiden.pdf\">Uke 36-39 &#8211; Tiden<\/a><\/li>\n<\/ul>\n<p><strong>Lenker og dokumenter som kan v\u00e6re nyttige<\/strong><\/p>\n<ul>\n<li><a href=\"http:\/\/www.dinkirke.no\/2012\/Dokumenter\/HusMenigheten.pdf\" target=\"_blank\" rel=\"noopener noreferrer\">&laquo;Husmenigheten &#8211; et levende n\u00e6rmilj\u00f8&raquo; av Edin L\u00f8v\u00e5s (PDF)<\/a><\/li>\n<li><a href=\"http:\/\/dinkirke.no\/wordpress\/wp-content\/uploads\/2018\/10\/Tretten-grunner-for-at-husmenigheter-er-den-naturlige-l%C3%B8sningen-av-Geir-%C3%98-Andersen-basert-p%C3%A5-Simpson.pdf\" target=\"_blank\" rel=\"noopener noreferrer\">Tretten grunner for at husmenigheter er den naturlige l\u00f8sningen &#8211; oppsummering av Geir \u00d8ystein Andersen, basert p\u00e5 boken &laquo;Hjem som forandrer verden&raquo; (PDF)<\/a><\/li>\n<li><a href=\"http:\/\/dinkirke.no\/wordpress\/wp-content\/uploads\/2017\/10\/Vanlige-sp%C3%B8rsm%C3%A5l-om-huskirke.pdf\" target=\"_blank\" rel=\"noopener noreferrer\">Sp\u00f8rsm\u00e5l og svar om huskirker (PDF)<\/a><\/li>\n<li><a href=\"http:\/\/dinkirke.no\/wordpress\/wp-content\/uploads\/2017\/03\/160519-Nattverd-i-huskirka-liturgi.pdf\" target=\"_blank\" rel=\"noopener noreferrer\">Nattverd i huskirka, liturgiark (PDF)<\/a><\/li>\n<li><a href=\"http:\/\/dinkirke.no\/wordpress\/wp-content\/uploads\/2017\/11\/Lords-Supper-Sacrament-in-the-House-Church.pdf\">Nattverd i huskirka, liturgiark engelsk (PDF)<\/a><\/li>\n<li><a href=\"http:\/\/\u2022http:\/\/dinkirke.no\/wordpress\/index.php\/livsnaer-gruppe\/\">Livsn\u00e6r gruppe, veiledning for samling<\/a><\/li>\n<li><a href=\"http:\/\/dinkirke.no\/wordpress\/index.php\/veiledning-for-2-3-er-grupper\/\">2-3-er-gruppe, veiledning for samling<\/a><\/li>\n<\/ul>\n<p><strong>Hent inspirasjon\u00a0om\/fra huskirke\/husfelleskap:<\/strong><\/p>\n<p>Hurtig guide til huskirker fra Danmark:<\/p>\n<p><a href=\"https:\/\/www.kristustilalle.dk\/artikler\/husmenigheder\/\" target=\"_blank\" rel=\"noopener noreferrer\"><img fetchpriority=\"high\" decoding=\"async\" class=\"alignnone wp-image-359 size-large\" src=\"http:\/\/dinkirke.no\/wordpress\/wp-content\/uploads\/2016\/09\/NadverUnderside1-1024x277.jpg\" alt=\"NadverUnderside1\" width=\"800\" height=\"216\" srcset=\"http:\/\/dinkirke.no\/wordpress\/wp-content\/uploads\/2016\/09\/NadverUnderside1-1024x277.jpg 1024w, http:\/\/dinkirke.no\/wordpress\/wp-content\/uploads\/2016\/09\/NadverUnderside1-300x81.jpg 300w, http:\/\/dinkirke.no\/wordpress\/wp-content\/uploads\/2016\/09\/NadverUnderside1.jpg 1110w\" sizes=\"(max-width: 800px) 100vw, 800px\" \/><\/a><\/p>\n<p>DNA Oslo &#8211; Huskirkefelleskap i Oslo:<\/p>\n<p><a href=\"https:\/\/www.husmenighet.no\/\" target=\"_blank\" rel=\"noopener noreferrer\"><img decoding=\"async\" class=\"alignnone wp-image-221 size-full\" src=\"http:\/\/dinkirke.no\/wordpress\/wp-content\/uploads\/2016\/09\/dna_web_180.jpg\" alt=\"dna_web_180\" width=\"180\" height=\"138\" \/><\/a><\/p>\n<p>Bedehuskirken p\u00e5 Bryne:<\/p>\n<p><a href=\"http:\/\/bedehuskirken.no\/\" target=\"_blank\" rel=\"noopener noreferrer\"><img decoding=\"async\" class=\"alignnone wp-image-222 size-medium\" src=\"http:\/\/dinkirke.no\/wordpress\/wp-content\/uploads\/2016\/09\/bedehuskirken_logo_website2-300x64.png\" alt=\"bedehuskirken_logo_website2\" width=\"300\" height=\"64\" srcset=\"http:\/\/dinkirke.no\/wordpress\/wp-content\/uploads\/2016\/09\/bedehuskirken_logo_website2-300x64.png 300w, http:\/\/dinkirke.no\/wordpress\/wp-content\/uploads\/2016\/09\/bedehuskirken_logo_website2.png 330w\" sizes=\"(max-width: 300px) 100vw, 300px\" \/><\/a><\/p>\n<p>Leve menighet:<\/p>\n<p><a href=\"http:\/\/levemenighet.blogspot.no\/\" target=\"_blank\" rel=\"noopener noreferrer\"><img loading=\"lazy\" decoding=\"async\" class=\"alignnone wp-image-229 size-thumbnail\" src=\"http:\/\/dinkirke.no\/wordpress\/wp-content\/uploads\/2016\/09\/kaffekopp-200x200.jpeg\" alt=\"kaffekopp\" width=\"200\" height=\"200\" \/><\/a><\/p>\n<p>Geir \u00d8ysten sin egen private blogg om \u00e5 leve kirke, som sier noe om livsreisen hans i perioden 2010-2017. Mange av disse formuleringene ville sikkert v\u00e6rt gjort annerledes i dag:<\/p>\n<p><a href=\"http:\/\/levekirke.blogspot.no\/\" target=\"_blank\" rel=\"noopener noreferrer\"><img loading=\"lazy\" decoding=\"async\" class=\"alignnone wp-image-223 size-thumbnail\" src=\"http:\/\/dinkirke.no\/wordpress\/wp-content\/uploads\/2016\/09\/Familie-ved-korset-200x200.jpg\" alt=\"Familie ved korset\" width=\"200\" height=\"200\" srcset=\"http:\/\/dinkirke.no\/wordpress\/wp-content\/uploads\/2016\/09\/Familie-ved-korset-200x200.jpg 200w, http:\/\/dinkirke.no\/wordpress\/wp-content\/uploads\/2016\/09\/Familie-ved-korset-300x300.jpg 300w, http:\/\/dinkirke.no\/wordpress\/wp-content\/uploads\/2016\/09\/Familie-ved-korset-1024x1024.jpg 1024w, http:\/\/dinkirke.no\/wordpress\/wp-content\/uploads\/2016\/09\/Familie-ved-korset.jpg 1600w\" sizes=\"(max-width: 200px) 100vw, 200px\" \/><\/a><\/p>\n<p>Sjur Jansens blogg &#8211; Bygge mennesker:<\/p>\n<p>:<a href=\"http:\/\/byggemennesker.blogspot.no\/\" target=\"_blank\" rel=\"noopener noreferrer\"><img loading=\"lazy\" decoding=\"async\" class=\"alignnone wp-image-224 size-full\" src=\"http:\/\/dinkirke.no\/wordpress\/wp-content\/uploads\/2016\/09\/sjur-jansen-blogspot.jpg\" alt=\"sjur-jansen-blogspot\" width=\"122\" height=\"113\" \/><\/a><\/p>\n","protected":false},"excerpt":{"rendered":"<p>Disippelgrupper Forenklet oppsett for disippelgruppe Uke 39-41 &#8211; Relasjonene Uke 36-39 &#8211; Tiden Lenker og dokumenter som kan v\u00e6re nyttige [&hellip;]<\/p>\n","protected":false},"author":1,"featured_media":0,"parent":0,"menu_order":0,"comment_status":"closed","ping_status":"closed","template":"","meta":{"footnotes":""},"class_list":["post-201","page","type-page","status-publish","hentry"],"_links":{"self":[{"href":"http:\/\/dinkirke.no\/wordpress\/index.php\/wp-json\/wp\/v2\/pages\/201","targetHints":{"allow":["GET"]}}],"collection":[{"href":"http:\/\/dinkirke.no\/wordpress\/index.php\/wp-json\/wp\/v2\/pages"}],"about":[{"href":"http:\/\/dinkirke.no\/wordpress\/index.php\/wp-json\/wp\/v2\/types\/page"}],"author":[{"embeddable":true,"href":"http:\/\/dinkirke.no\/wordpress\/index.php\/wp-json\/wp\/v2\/users\/1"}],"replies":[{"embeddable":true,"href":"http:\/\/dinkirke.no\/wordpress\/index.php\/wp-json\/wp\/v2\/comments?post=201"}],"version-history":[{"count":20,"href":"http:\/\/dinkirke.no\/wordpress\/index.php\/wp-json\/wp\/v2\/pages\/201\/revisions"}],"predecessor-version":[{"id":741,"href":"http:\/\/dinkirke.no\/wordpress\/index.php\/wp-json\/wp\/v2\/pages\/201\/revisions\/741"}],"wp:attachment":[{"href":"http:\/\/dinkirke.no\/wordpress\/index.php\/wp-json\/wp\/v2\/media?parent=201"}],"curies":[{"name":"wp","href":"https:\/\/api.w.org\/{rel}","templated":true}]}}