{"id":20,"date":"2016-06-26T16:44:46","date_gmt":"2016-06-26T16:44:46","guid":{"rendered":"http:\/\/dinkirke.no\/wordpress\/?page_id=20"},"modified":"2025-10-06T09:13:35","modified_gmt":"2025-10-06T09:13:35","slug":"dinkirke","status":"publish","type":"page","link":"http:\/\/dinkirke.no\/wordpress\/index.php\/dinkirke\/","title":{"rendered":"Dinkirke.no &#8211; Kongsberg Frikirke og Kongsberg huskirkenettverk"},"content":{"rendered":"\t\t<div data-elementor-type=\"wp-page\" data-elementor-id=\"20\" class=\"elementor elementor-20\">\n\t\t\t\t\t\t<section class=\"elementor-section elementor-top-section elementor-element elementor-element-67bb572e elementor-section-boxed elementor-section-height-default elementor-section-height-default\" data-id=\"67bb572e\" data-element_type=\"section\">\n\t\t\t\t\t\t<div class=\"elementor-container elementor-column-gap-default\">\n\t\t\t\t\t<div class=\"elementor-column elementor-col-100 elementor-top-column elementor-element elementor-element-6f6adacf\" data-id=\"6f6adacf\" data-element_type=\"column\">\n\t\t\t<div class=\"elementor-widget-wrap elementor-element-populated\">\n\t\t\t\t\t\t<div class=\"elementor-element elementor-element-4de75b89 elementor-widget elementor-widget-text-editor\" data-id=\"4de75b89\" data-element_type=\"widget\" data-widget_type=\"text-editor.default\">\n\t\t\t\t<div class=\"elementor-widget-container\">\n\t\t\t\t\t\t\t\t\t<p><\/p>\n<figure class=\"wp-block-image size-full\"><img fetchpriority=\"high\" decoding=\"async\" width=\"940\" height=\"788\" class=\"wp-image-943\" src=\"http:\/\/dinkirke.no\/wordpress\/wp-content\/uploads\/2023\/08\/bibel-og-bonn.png\" alt=\"\" srcset=\"http:\/\/dinkirke.no\/wordpress\/wp-content\/uploads\/2023\/08\/bibel-og-bonn.png 940w, http:\/\/dinkirke.no\/wordpress\/wp-content\/uploads\/2023\/08\/bibel-og-bonn-300x251.png 300w\" sizes=\"(max-width: 940px) 100vw, 940px\" \/><\/figure>\n<p><\/p>\n<p>Kongsberg Frikirke er organisert som et nettverk av kristne hjem i Kongsberg. Vi m\u00f8tes til felleskap i hjemmene, p\u00e5 kaf\u00e9 eller ute i naturen.<\/p>\n<p><\/p>\n<p>Hvis du er nysgjerrig p\u00e5 kristen tro eller \u00f8nsker fellesskap med andre kristne i en mindre gruppe eller et familiefellesskap, s\u00e5 ta kontakt. Vi har bl.a. huskirke for familier og damegrupper.<\/p>\n<p><\/p>\n<p>Vi legger vekt p\u00e5 at tyngdepunktet for menigheten eller kirken m\u00e5 ligge i hjemmene.<\/p>\n<p><\/p>\n<p>Vi \u00f8nsker \u00e5 v\u00e6re et \u00f8kumenisk nettverk og favne mennesker av ulike konfesjoner. Noen, men ikke alle som er aktive i nettverket er medlemmer av Den Evangelisk Lutherske Frikirke og utgj\u00f8r Kongsberg Frikirke. Vi har ikke noe eget kirkebygg &#8211; men bygger kirke med \u00e5 ha kristent fellesskap i hjemmene.&nbsp;<\/p>\n<p><\/p>\n<p>P\u00e5 nettsiden her kan du finne en del artikler som forteller litt om v\u00e5re verdier, v\u00e5r visjon, v\u00e5r m\u00e5te \u00e5 leve menighet p\u00e5 og v\u00e5r historie. Du kan ogs\u00e5 finne <a href=\"http:\/\/dinkirke.no\/wordpress\/index.php\/kalender\/\">kalenderen<\/a> v\u00e5r som viser ting som skjer i nettverket.&nbsp; Kalenderen er ikke utfyllende i den forstand at det er mange \u00abm\u00f8tepunkter\u00bb som ikke settes opp her. Det som f\u00f8res opp i kalenderen er samlinger som er \u00e5pne for alle, ikke mindre grupper etc. Vi fors\u00f8ker \u00e5 ha \u00e5pne huskirkesamlinger hver annen uke, vanligvis p\u00e5 s\u00f8ndag ettermiddag. Det legges ikke alltid planer i god tid, men vi avtaler \u00e5 m\u00f8tes og legger info p\u00e5 kalender n\u00e5r det n\u00e6rmer seg.<\/p>\n<p><\/p>\n<p>Hvis du \u00f8nsker kristent fellesskap eller er nysgjerrig p\u00e5 \u00e5 finne ut mer om Gud, Jesus, Den Hellige \u00c5nd, bibelen, huskirker eller annet, s\u00e5 h\u00e5per vi du vil ta <a href=\"http:\/\/dinkirke.no\/wordpress\/index.php\/kontakt\/\">kontakt<\/a> med noen i fellesskapet v\u00e5rt. Det er ogs\u00e5 mulig \u00e5 bare m\u00f8te opp til de aktivitetene som er angitt i kalenderen.<\/p>\n<p><\/p>\t\t\t\t\t\t\t\t<\/div>\n\t\t\t\t<\/div>\n\t\t\t\t\t<\/div>\n\t\t<\/div>\n\t\t\t\t\t<\/div>\n\t\t<\/section>\n\t\t\t\t<\/div>\n\t\t","protected":false},"excerpt":{"rendered":"<p>Kongsberg Frikirke er organisert som et nettverk av kristne hjem i Kongsberg. Vi m\u00f8tes til felleskap i hjemmene, p\u00e5 kaf\u00e9 [&hellip;]<\/p>\n","protected":false},"author":1,"featured_media":0,"parent":0,"menu_order":0,"comment_status":"closed","ping_status":"closed","template":"","meta":{"footnotes":""},"class_list":["post-20","page","type-page","status-publish","hentry"],"_links":{"self":[{"href":"http:\/\/dinkirke.no\/wordpress\/index.php\/wp-json\/wp\/v2\/pages\/20","targetHints":{"allow":["GET"]}}],"collection":[{"href":"http:\/\/dinkirke.no\/wordpress\/index.php\/wp-json\/wp\/v2\/pages"}],"about":[{"href":"http:\/\/dinkirke.no\/wordpress\/index.php\/wp-json\/wp\/v2\/types\/page"}],"author":[{"embeddable":true,"href":"http:\/\/dinkirke.no\/wordpress\/index.php\/wp-json\/wp\/v2\/users\/1"}],"replies":[{"embeddable":true,"href":"http:\/\/dinkirke.no\/wordpress\/index.php\/wp-json\/wp\/v2\/comments?post=20"}],"version-history":[{"count":15,"href":"http:\/\/dinkirke.no\/wordpress\/index.php\/wp-json\/wp\/v2\/pages\/20\/revisions"}],"predecessor-version":[{"id":1078,"href":"http:\/\/dinkirke.no\/wordpress\/index.php\/wp-json\/wp\/v2\/pages\/20\/revisions\/1078"}],"wp:attachment":[{"href":"http:\/\/dinkirke.no\/wordpress\/index.php\/wp-json\/wp\/v2\/media?parent=20"}],"curies":[{"name":"wp","href":"https:\/\/api.w.org\/{rel}","templated":true}]}}