{"id":18,"date":"2016-06-26T16:38:38","date_gmt":"2016-06-26T16:38:38","guid":{"rendered":"http:\/\/dinkirke.no\/wordpress\/?page_id=18"},"modified":"2023-08-21T12:22:20","modified_gmt":"2023-08-21T12:22:20","slug":"huskirkene","status":"publish","type":"page","link":"http:\/\/dinkirke.no\/wordpress\/index.php\/huskirkene\/","title":{"rendered":"Huskirkene"},"content":{"rendered":"<p><img fetchpriority=\"high\" decoding=\"async\" class=\"alignright wp-image-6\" src=\"http:\/\/dinkirke.no\/wordpress\/wp-content\/uploads\/2016\/06\/Guds-menighet...dere-som-er-helliget-i-Kristus-Jesus-og-kalt-til-\u00e5-v\u00e6re-hellige-sammen-med-alle-som-hver-p\u00e5-sitt-sted-p\u00e5kaller2-300x251.jpg\" alt=\"...Guds menighet...dere som er helliget i Kristus Jesus og kalt til \u00e5 v\u00e6re hellige sammen med alle som hver p\u00e5 sitt sted p\u00e5kaller%2\" width=\"400\" height=\"335\" srcset=\"http:\/\/dinkirke.no\/wordpress\/wp-content\/uploads\/2016\/06\/Guds-menighet...dere-som-er-helliget-i-Kristus-Jesus-og-kalt-til-\u00e5-v\u00e6re-hellige-sammen-med-alle-som-hver-p\u00e5-sitt-sted-p\u00e5kaller2-300x251.jpg 300w, http:\/\/dinkirke.no\/wordpress\/wp-content\/uploads\/2016\/06\/Guds-menighet...dere-som-er-helliget-i-Kristus-Jesus-og-kalt-til-\u00e5-v\u00e6re-hellige-sammen-med-alle-som-hver-p\u00e5-sitt-sted-p\u00e5kaller2-768x644.jpg 768w, http:\/\/dinkirke.no\/wordpress\/wp-content\/uploads\/2016\/06\/Guds-menighet...dere-som-er-helliget-i-Kristus-Jesus-og-kalt-til-\u00e5-v\u00e6re-hellige-sammen-med-alle-som-hver-p\u00e5-sitt-sted-p\u00e5kaller2.jpg 940w\" sizes=\"(max-width: 400px) 100vw, 400px\" \/>I v\u00e5rt spr\u00e5k assosieres ordet \u201dkirke\u201d kanskje f\u00f8rst og fremst med et bygg. Men Guds kirke eller menighet er ikke et bygg, men en samling av de som tror.<\/p>\n<p>I v\u00e5rt nettverk bruker vi begrepet huskirke n\u00e5r vi snakker om et fellesskap av troende som m\u00f8tes i et hjem. I hjemmene m\u00f8tes vi til m\u00e5ltid, fellesskap, b\u00f8nn, lovprisning, nattverd. Vi deler Guds ord og bekjenner synd. D\u00e5p og d\u00e5psoppl\u00e6ring inkludert konfirmantundervisning kan skje i rammen av huskirkene, med st\u00f8tte fra nettverket der det trengs.<\/p>\n<p>To personer er tilstrekkelig for \u00e5 ha fellesskap. En familie kan v\u00e6re ei huskirke. To familier sammen kan v\u00e6re ei huskirke. Ei huskirke kan ogs\u00e5 best\u00e5 av flere husstander eller enkeltpersoner. N\u00e5r fellesskapet blir st\u00f8rre enn det som er praktisk for \u00e5 f\u00e5 til livsn\u00e6re samlinger i hjemmene er det tid for \u00e5 dele.<\/p>\n<p>Hver av huskirkene er ganske forskjellige. Les mer om hver huskirke p\u00e5 deres egne sider. Huskirkene har f\u00e5tt litt rare navn som er forkortelser for adressen hvor huskirka ofte m\u00f8tes.<\/p>\n<p><a href=\"http:\/\/dinkirke.no\/wordpress\/index.php\/huskirkene\/huskirka-gk12\/\">Huskirka GK12<\/a><\/p>\n<p><a href=\"http:\/\/dinkirke.no\/wordpress\/index.php\/huskirkene\/huskirka-mh22\/\">Huskirka MH22<\/a><\/p>\n<p><a href=\"http:\/\/dinkirke.no\/wordpress\/index.php\/huskirkene\/huskirka-r42\/\">Huskirka R42<\/a><\/p>\n<p><img decoding=\"async\" class=\"wp-image-11 aligncenter\" src=\"http:\/\/dinkirke.no\/wordpress\/wp-content\/uploads\/2016\/06\/For-hvor-to-eller-tre-er-samlet-i-mitt-navn-der-er-jeg-midt-iblant-dem-683x1024.jpg\" alt=\"For hvor to eller tre er samlet i mitt navn, der er jeg midt iblant dem\" width=\"350\" height=\"525\" srcset=\"http:\/\/dinkirke.no\/wordpress\/wp-content\/uploads\/2016\/06\/For-hvor-to-eller-tre-er-samlet-i-mitt-navn-der-er-jeg-midt-iblant-dem-683x1024.jpg 683w, http:\/\/dinkirke.no\/wordpress\/wp-content\/uploads\/2016\/06\/For-hvor-to-eller-tre-er-samlet-i-mitt-navn-der-er-jeg-midt-iblant-dem-200x300.jpg 200w, http:\/\/dinkirke.no\/wordpress\/wp-content\/uploads\/2016\/06\/For-hvor-to-eller-tre-er-samlet-i-mitt-navn-der-er-jeg-midt-iblant-dem.jpg 735w\" sizes=\"(max-width: 350px) 100vw, 350px\" \/><\/p>\n","protected":false},"excerpt":{"rendered":"<p>I v\u00e5rt spr\u00e5k assosieres ordet \u201dkirke\u201d kanskje f\u00f8rst og fremst med et bygg. Men Guds kirke eller menighet er ikke [&hellip;]<\/p>\n","protected":false},"author":1,"featured_media":0,"parent":0,"menu_order":0,"comment_status":"closed","ping_status":"closed","template":"","meta":{"footnotes":""},"class_list":["post-18","page","type-page","status-publish","hentry"],"_links":{"self":[{"href":"http:\/\/dinkirke.no\/wordpress\/index.php\/wp-json\/wp\/v2\/pages\/18","targetHints":{"allow":["GET"]}}],"collection":[{"href":"http:\/\/dinkirke.no\/wordpress\/index.php\/wp-json\/wp\/v2\/pages"}],"about":[{"href":"http:\/\/dinkirke.no\/wordpress\/index.php\/wp-json\/wp\/v2\/types\/page"}],"author":[{"embeddable":true,"href":"http:\/\/dinkirke.no\/wordpress\/index.php\/wp-json\/wp\/v2\/users\/1"}],"replies":[{"embeddable":true,"href":"http:\/\/dinkirke.no\/wordpress\/index.php\/wp-json\/wp\/v2\/comments?post=18"}],"version-history":[{"count":5,"href":"http:\/\/dinkirke.no\/wordpress\/index.php\/wp-json\/wp\/v2\/pages\/18\/revisions"}],"predecessor-version":[{"id":948,"href":"http:\/\/dinkirke.no\/wordpress\/index.php\/wp-json\/wp\/v2\/pages\/18\/revisions\/948"}],"wp:attachment":[{"href":"http:\/\/dinkirke.no\/wordpress\/index.php\/wp-json\/wp\/v2\/media?parent=18"}],"curies":[{"name":"wp","href":"https:\/\/api.w.org\/{rel}","templated":true}]}}